{"id":933,"date":"2025-09-24T17:26:22","date_gmt":"2025-09-24T15:26:22","guid":{"rendered":"https:\/\/photo-fribourg.ch\/?page_id=933"},"modified":"2025-12-04T23:08:18","modified_gmt":"2025-12-04T22:08:18","slug":"actualites","status":"publish","type":"page","link":"https:\/\/photo-fribourg.ch\/de\/actualites\/","title":{"rendered":"Actualit\u00e9s"},"content":{"rendered":"<p>[et_pb_section fb_built=\u00a0\u00bb1&Prime; _builder_version=\u00a0\u00bb4.27.4&Prime; _module_preset=\u00a0\u00bbdefault\u00a0\u00bb custom_padding=\u00a0\u00bb||6px|||\u00a0\u00bb global_colors_info=\u00a0\u00bb{}\u00a0\u00bb][et_pb_row _builder_version=\u00a0\u00bb4.27.4&Prime; _module_preset=\u00a0\u00bbdefault\u00a0\u00bb custom_padding=\u00a0\u00bb||7px|||\u00a0\u00bb global_colors_info=\u00a0\u00bb{}\u00a0\u00bb][et_pb_column type=\u00a0\u00bb4_4&Prime; _builder_version=\u00a0\u00bb4.27.4&Prime; _module_preset=\u00a0\u00bbdefault\u00a0\u00bb global_colors_info=\u00a0\u00bb{}\u00a0\u00bb][et_pb_text _builder_version=\u00a0\u00bb4.27.4&Prime; _module_preset=\u00a0\u00bbdefault\u00a0\u00bb text_orientation=\u00a0\u00bbcenter\u00a0\u00bb global_colors_info=\u00a0\u00bb{}\u00a0\u00bb]<\/p>\n<h1>Aktuelles von Foto-Freiburg<\/h1>\n<p>[\/et_pb_text][\/et_pb_column][\/et_pb_row][\/et_pb_section][et_pb_section fb_built=\u00a0\u00bb1&Prime; _builder_version=\u00a0\u00bb4.27.4&Prime; _module_preset=\u00a0\u00bbdefault\u00a0\u00bb max_width_phone=\u00a0\u00bb100%\u00a0\u00bb max_width_last_edited=\u00a0\u00bboff|phone\u00a0\u00bb custom_margin_tablet=\u00a0\u00bb\u00a0\u00bb custom_margin_phone=\u00a0\u00bb|-76px||-76px|false|true\u00a0\u00bb custom_margin_last_edited=\u00a0\u00bbon|phone\u00a0\u00bb custom_padding=\u00a0\u00bb0px|||||\u00a0\u00bb global_colors_info=\u00a0\u00bb{}\u00a0\u00bb][et_pb_row column_structure=\u00a0\u00bb3_5,2_5&Prime; _builder_version=\u00a0\u00bb4.27.4&Prime; _module_preset=\u00a0\u00bbdefault\u00a0\u00bb width=\u00a0\u00bb55%\u00a0\u00bb custom_padding=\u00a0\u00bb||0px|||\u00a0\u00bb locked=\u00a0\u00bboff\u00a0\u00bb global_colors_info=\u00a0\u00bb{}\u00a0\u00bb][et_pb_column type=\u00a0\u00bb3_5&Prime; _builder_version=\u00a0\u00bb4.27.4&Prime; _module_preset=\u00a0\u00bbdefault\u00a0\u00bb global_colors_info=\u00a0\u00bb{}\u00a0\u00bb][et_pb_text _builder_version=\u00a0\u00bb4.27.4&Prime; _module_preset=\u00a0\u00bbdefault\u00a0\u00bb width=\u00a0\u00bb100%\u00a0\u00bb custom_padding=\u00a0\u00bb|3px||||\u00a0\u00bb hover_enabled=\u00a0\u00bb0&Prime; global_colors_info=\u00a0\u00bb{}\u00a0\u00bb sticky_enabled=\u00a0\u00bb0&Prime;]<\/p>\n<h1 class=\"p1\" style=\"text-align: left;\"><span class=\"s1\"><b>Rita Hofmann-Sievert von der Royal Photographic Society ausgezeichnet<\/b><\/span><\/h1>\n<p style=\"text-align: left;\"><span class=\"s1\"><b><\/b><\/span><\/p>\n<p class=\"p2\" style=\"text-align: left;\">Am 11. November 2024 wurde Rita Hofmann-Sievert, B\u00fcrgerin von Marly, mit der Progress Medal der Royal Photographic Society in Bristol, England, ausgezeichnet. Diese Auszeichnung kr\u00f6nt die Karriere der ehemaligen Forschungsleiterin bei Ilford Imaging zwischen 2000 und 2013. Foto-Freiburg wird ihr am Donnerstag, 6. Februar, im Anschluss an ihren Vortrag um 18 Uhr im Rahmen des Kolloquiums von Photo-Fribourg an der Universit\u00e4t Mis\u00e9ricorde ebenfalls eine Ehre erweisen.<\/p>\n<p>[\/et_pb_text][\/et_pb_column][et_pb_column type=\u00a0\u00bb2_5&Prime; _builder_version=\u00a0\u00bb4.27.4&Prime; _module_preset=\u00a0\u00bbdefault\u00a0\u00bb global_colors_info=\u00a0\u00bb{}\u00a0\u00bb][et_pb_image src=\u00a0\u00bbhttps:\/\/photo-fribourg.ch\/wp-content\/uploads\/2025\/01\/Affiche-Rita-HS_conf_low.jpg\u00a0\u00bb title_text=\u00a0\u00bbAffiche Rita HS_conf_low\u00a0\u00bb show_bottom_space=\u00a0\u00bboff\u00a0\u00bb align=\u00a0\u00bbright\u00a0\u00bb _builder_version=\u00a0\u00bb4.27.4&Prime; _module_preset=\u00a0\u00bbdefault\u00a0\u00bb width=\u00a0\u00bb63%\u00a0\u00bb width_tablet=\u00a0\u00bb63%\u00a0\u00bb width_phone=\u00a0\u00bb100%\u00a0\u00bb width_last_edited=\u00a0\u00bbon|phone\u00a0\u00bb max_width=\u00a0\u00bb61%\u00a0\u00bb max_width_tablet=\u00a0\u00bb61%\u00a0\u00bb max_width_phone=\u00a0\u00bb100%\u00a0\u00bb max_width_last_edited=\u00a0\u00bbon|phone\u00a0\u00bb custom_margin=\u00a0\u00bb|||2px|false|false\u00a0\u00bb custom_padding=\u00a0\u00bb|||0px|false|false\u00a0\u00bb global_colors_info=\u00a0\u00bb{}\u00a0\u00bb][\/et_pb_image][\/et_pb_column][\/et_pb_row][\/et_pb_section][et_pb_section fb_built=\u00a0\u00bb1&Prime; _builder_version=\u00a0\u00bb4.27.4&Prime; _module_preset=\u00a0\u00bbdefault\u00a0\u00bb global_colors_info=\u00a0\u00bb{}\u00a0\u00bb][et_pb_row column_structure=\u00a0\u00bb1_2,1_2&Prime; _builder_version=\u00a0\u00bb4.27.4&Prime; _module_preset=\u00a0\u00bbdefault\u00a0\u00bb custom_margin=\u00a0\u00bb-38px|auto||auto||\u00a0\u00bb custom_padding=\u00a0\u00bb0px|||||\u00a0\u00bb locked=\u00a0\u00bboff\u00a0\u00bb global_colors_info=\u00a0\u00bb{}\u00a0\u00bb][et_pb_column type=\u00a0\u00bb1_2&Prime; _builder_version=\u00a0\u00bb4.27.4&Prime; _module_preset=\u00a0\u00bbdefault\u00a0\u00bb global_colors_info=\u00a0\u00bb{}\u00a0\u00bb][et_pb_image src=\u00a0\u00bbhttps:\/\/photo-fribourg.ch\/wp-content\/uploads\/2025\/01\/704web.jpg\u00a0\u00bb title_text=\u00a0\u00bb704web\u00a0\u00bb _builder_version=\u00a0\u00bb4.27.4&Prime; _module_preset=\u00a0\u00bbdefault\u00a0\u00bb width=\u00a0\u00bb70%\u00a0\u00bb max_width=\u00a0\u00bb100%\u00a0\u00bb max_width_tablet=\u00a0\u00bb100%\u00a0\u00bb max_width_phone=\u00a0\u00bb64%\u00a0\u00bb max_width_last_edited=\u00a0\u00bbon|desktop\u00a0\u00bb module_alignment=\u00a0\u00bbright\u00a0\u00bb module_alignment_tablet=\u00a0\u00bbright\u00a0\u00bb module_alignment_phone=\u00a0\u00bbcenter\u00a0\u00bb module_alignment_last_edited=\u00a0\u00bbon|phone\u00a0\u00bb global_colors_info=\u00a0\u00bb{}\u00a0\u00bb][\/et_pb_image][\/et_pb_column][et_pb_column type=\u00a0\u00bb1_2&Prime; _builder_version=\u00a0\u00bb4.27.4&Prime; _module_preset=\u00a0\u00bbdefault\u00a0\u00bb global_colors_info=\u00a0\u00bb{}\u00a0\u00bb][et_pb_text _builder_version=\u00a0\u00bb4.27.4&Prime; _module_preset=\u00a0\u00bbdefault\u00a0\u00bb text_font_size=\u00a0\u00bb16px\u00a0\u00bb header_font_size=\u00a0\u00bb29px\u00a0\u00bb width=\u00a0\u00bb88%\u00a0\u00bb custom_padding=\u00a0\u00bb|||30px|false|false\u00a0\u00bb hover_enabled=\u00a0\u00bb0&Prime; global_colors_info=\u00a0\u00bb{}\u00a0\u00bb sticky_enabled=\u00a0\u00bb0&Prime;]<\/p>\n<h1 style=\"text-align: left;\">Das lokale Image \u00f6ffnen<\/h1>\n<h3 style=\"text-align: left;\">F\u00fcr eine materielle und kulturelle Geschichte der Fotografie im Kanton Freiburg<\/h3>\n<p style=\"text-align: left;\">Wissenschaftliches Kolloquium im Rahmen des Projekts Foto-Freiburg : 6.-7. Februar 2025<\/p>\n<p style=\"text-align: left;\">Universit\u00e4t Freiburg, Mis\u00e9ricorde, MIS 03 3115, Avenue de l\u2019Europe 20, Freiburg.<\/p>\n<p style=\"text-align: left;\">Laden Sie hier das vollst\u00e4ndige Programm<strong><a href=\"https:\/\/photo-fribourg.ch\/wp-content\/uploads\/2025\/01\/PHFR2025_pgramme_web_DEF-1.pdf\"> herunter.<\/a><\/strong><\/p>\n<p>[\/et_pb_text][\/et_pb_column][\/et_pb_row][et_pb_row _builder_version=\u00a0\u00bb4.27.4&Prime; _module_preset=\u00a0\u00bbdefault\u00a0\u00bb global_colors_info=\u00a0\u00bb{}\u00a0\u00bb][et_pb_column type=\u00a0\u00bb4_4&Prime; _builder_version=\u00a0\u00bb4.27.4&Prime; _module_preset=\u00a0\u00bbdefault\u00a0\u00bb global_colors_info=\u00a0\u00bb{}\u00a0\u00bb][et_pb_divider _builder_version=\u00a0\u00bb4.27.4&Prime; _module_preset=\u00a0\u00bbdefault\u00a0\u00bb global_colors_info=\u00a0\u00bb{}\u00a0\u00bb][\/et_pb_divider][\/et_pb_column][\/et_pb_row][et_pb_row column_structure=\u00a0\u00bb2_5,3_5&Prime; _builder_version=\u00a0\u00bb4.27.4&Prime; _module_preset=\u00a0\u00bbdefault\u00a0\u00bb width=\u00a0\u00bb78%\u00a0\u00bb max_width=\u00a0\u00bb1019px\u00a0\u00bb min_height=\u00a0\u00bb665px\u00a0\u00bb height=\u00a0\u00bb700px\u00a0\u00bb max_height=\u00a0\u00bb700px\u00a0\u00bb custom_margin=\u00a0\u00bb-44px|auto|-246px|auto|false|false\u00a0\u00bb locked=\u00a0\u00bboff\u00a0\u00bb global_colors_info=\u00a0\u00bb{}\u00a0\u00bb][et_pb_column type=\u00a0\u00bb2_5&Prime; _builder_version=\u00a0\u00bb4.24.2&Prime; _module_preset=\u00a0\u00bbdefault\u00a0\u00bb global_colors_info=\u00a0\u00bb{}\u00a0\u00bb][et_pb_text _builder_version=\u00a0\u00bb4.27.4&Prime; _module_preset=\u00a0\u00bbdefault\u00a0\u00bb link_text_color=\u00a0\u00bb#3c8c12&Prime; width=\u00a0\u00bb100%\u00a0\u00bb min_height=\u00a0\u00bb395px\u00a0\u00bb custom_padding=\u00a0\u00bb||0px|||\u00a0\u00bb hover_enabled=\u00a0\u00bb0&Prime; global_colors_info=\u00a0\u00bb{}\u00a0\u00bb sticky_enabled=\u00a0\u00bb0&Prime;]<\/p>\n<h1 style=\"text-align: left;\"><span><b><span style=\"font-size: large;\">Bauernfamilien, besitzen Sie alte Fotos?<\/span><\/b><\/span><\/h1>\n<p style=\"text-align: left;\"><span>Im Rahmen seiner Forschungsstipendien richtet das Projekt Photo-Fribourg einen Aufruf an die Freiburger Bev\u00f6lkerung. Wenn Sie Fotos Ihrer Vorfahren auf dem Bauernhof besitzen, k\u00f6nnten diese Bilder f\u00fcr die Historikerin Anne Philipona und den Geografen Romain Borcard von Interesse sein, die beide untersuchen, wie die Erinnerung der Bauernschaft durch die Fotografie wahrgenommen wird. Wenn Sie oder Ihre Familie alte Fotos von K\u00fchen, Stieren, landwirtschaftlichen Arbeiten oder einfach vom Alltag auf dem Bauernhof zwischen 1870 und 1970 besitzen, wenden Sie sich bitte an das Projekt unter der Adresse<strong>\u00a0<a href=\"mailto:info@photo-fribourg.ch\" id=\"OWA4c6abf02-d58b-5eb1-9674-1badf7faa1bb\" class=\"OWAAutoLink\" data-linkindex=\"1\" data-loopstyle=\"linkonly\">info(at)photo-fribourg.ch<\/a>\u00a0<\/strong>oder unter 079 416 37 90.<\/span><\/p>\n<p style=\"text-align: left;\">\u00a9 Photo Glasson \/ Mus\u00e9e gru\u00e9rien<span><\/span><\/p>\n<p style=\"text-align: left;\">Anne Philipona und Romain Borcard im Interview auf RadioFr.<\/p>\n<p style=\"text-align: left;\"><span><\/span><\/p>\n<p>[\/et_pb_text][\/et_pb_column][et_pb_column type=\u00a0\u00bb3_5&Prime; _builder_version=\u00a0\u00bb4.24.2&Prime; _module_preset=\u00a0\u00bbdefault\u00a0\u00bb global_colors_info=\u00a0\u00bb{}\u00a0\u00bb][et_pb_image src=\u00a0\u00bbhttps:\/\/photo-fribourg.ch\/wp-content\/uploads\/2024\/03\/Photo-Fribourg-Grangeneuve-1938-@Photo-Glasson-Musee-gruerien-scaled.jpg\u00a0\u00bb title_text=\u00a0\u00bbPhoto-Fribourg Grangeneuve 1938 @Photo Glasson Muse\u0301e grue\u0301rien\u00a0\u00bb _builder_version=\u00a0\u00bb4.27.4&Prime; _module_preset=\u00a0\u00bbdefault\u00a0\u00bb width=\u00a0\u00bb82%\u00a0\u00bb module_alignment=\u00a0\u00bbcenter\u00a0\u00bb custom_margin=\u00a0\u00bb|||46px|false|false\u00a0\u00bb global_colors_info=\u00a0\u00bb{}\u00a0\u00bb][\/et_pb_image][et_pb_audio audio=\u00a0\u00bbhttps:\/\/photo-fribourg.ch\/wp-content\/uploads\/2024\/04\/Le-Mag-1.mp3&Prime; title=\u00a0\u00bbRadioFr \/ Le Mag du 18 avril 2024&Prime; artist_name=\u00a0\u00bbAnne Philipona et Romain Borcard\u00a0\u00bb _builder_version=\u00a0\u00bb4.27.4&Prime; _module_preset=\u00a0\u00bbdefault\u00a0\u00bb width=\u00a0\u00bb82%\u00a0\u00bb module_alignment=\u00a0\u00bbcenter\u00a0\u00bb global_colors_info=\u00a0\u00bb{}\u00a0\u00bb][\/et_pb_audio][\/et_pb_column][\/et_pb_row][\/et_pb_section][et_pb_section fb_built=\u00a0\u00bb1&Prime; _builder_version=\u00a0\u00bb4.27.4&Prime; _module_preset=\u00a0\u00bbdefault\u00a0\u00bb custom_padding=\u00a0\u00bb||0px|||\u00a0\u00bb global_colors_info=\u00a0\u00bb{}\u00a0\u00bb][et_pb_row _builder_version=\u00a0\u00bb4.27.4&Prime; _module_preset=\u00a0\u00bbdefault\u00a0\u00bb custom_padding=\u00a0\u00bb||0px|||\u00a0\u00bb global_colors_info=\u00a0\u00bb{}\u00a0\u00bb][et_pb_column type=\u00a0\u00bb4_4&Prime; _builder_version=\u00a0\u00bb4.27.4&Prime; _module_preset=\u00a0\u00bbdefault\u00a0\u00bb global_colors_info=\u00a0\u00bb{}\u00a0\u00bb][et_pb_divider _builder_version=\u00a0\u00bb4.27.4&Prime; _module_preset=\u00a0\u00bbdefault\u00a0\u00bb global_colors_info=\u00a0\u00bb{}\u00a0\u00bb][\/et_pb_divider][\/et_pb_column][\/et_pb_row][\/et_pb_section][et_pb_section fb_built=\u00a0\u00bb1&Prime; _builder_version=\u00a0\u00bb4.27.4&Prime; _module_preset=\u00a0\u00bbdefault\u00a0\u00bb custom_padding=\u00a0\u00bb87px|||||\u00a0\u00bb global_colors_info=\u00a0\u00bb{}\u00a0\u00bb][\/et_pb_section][et_pb_section fb_built=\u00a0\u00bb1&Prime; _builder_version=\u00a0\u00bb4.27.4&Prime; _module_preset=\u00a0\u00bbdefault\u00a0\u00bb global_colors_info=\u00a0\u00bb{}\u00a0\u00bb][et_pb_row _builder_version=\u00a0\u00bb4.27.4&Prime; _module_preset=\u00a0\u00bbdefault\u00a0\u00bb global_colors_info=\u00a0\u00bb{}\u00a0\u00bb][et_pb_column type=\u00a0\u00bb4_4&Prime; _builder_version=\u00a0\u00bb4.27.4&Prime; _module_preset=\u00a0\u00bbdefault\u00a0\u00bb global_colors_info=\u00a0\u00bb{}\u00a0\u00bb][et_pb_blog fullwidth=\u00a0\u00bboff\u00a0\u00bb posts_number=\u00a0\u00bb18&Prime; include_categories=\u00a0\u00bb2&Prime; show_more=\u00a0\u00bbon\u00a0\u00bb show_author=\u00a0\u00bboff\u00a0\u00bb show_categories=\u00a0\u00bboff\u00a0\u00bb show_excerpt=\u00a0\u00bboff\u00a0\u00bb show_pagination=\u00a0\u00bboff\u00a0\u00bb module_id=\u00a0\u00bbblog\u00a0\u00bb _builder_version=\u00a0\u00bb4.27.4&Prime; _module_preset=\u00a0\u00bbdefault\u00a0\u00bb min_height=\u00a0\u00bb371.6px\u00a0\u00bb custom_margin=\u00a0\u00bb-231px||-57px|||\u00a0\u00bb custom_padding=\u00a0\u00bb0px||0px|||\u00a0\u00bb link_option_url=\u00a0\u00bb#blog\u00a0\u00bb global_colors_info=\u00a0\u00bb{}\u00a0\u00bb][\/et_pb_blog][\/et_pb_column][\/et_pb_row][\/et_pb_section]<\/p>","protected":false},"excerpt":{"rendered":"<p>Actualit\u00e9s de Photo-FribourgRita Hofmann-Sievert distingu\u00e9e par la Royal Photographic Society Le 11 novembre 2024, la citoyenne de Marly Rita Hofmann-Sievert s\u2019est vue remettre la Progress Medal de la Royal Photographic Society de Bristol, en Angleterre. Cette distinction couronne la carri\u00e8re de l\u2019ancienne responsable de la recherche chez Ilford Imaging entre 2000 et 2013. Photo-Fribourg aura [&hellip;]<\/p>","protected":false},"author":1,"featured_media":0,"parent":0,"menu_order":0,"comment_status":"closed","ping_status":"closed","template":"","meta":{"_et_pb_use_builder":"on","_et_pb_old_content":"","_et_gb_content_width":"","footnotes":""},"class_list":["post-933","page","type-page","status-publish","hentry"],"_links":{"self":[{"href":"https:\/\/photo-fribourg.ch\/de\/wp-json\/wp\/v2\/pages\/933","targetHints":{"allow":["GET"]}}],"collection":[{"href":"https:\/\/photo-fribourg.ch\/de\/wp-json\/wp\/v2\/pages"}],"about":[{"href":"https:\/\/photo-fribourg.ch\/de\/wp-json\/wp\/v2\/types\/page"}],"author":[{"embeddable":true,"href":"https:\/\/photo-fribourg.ch\/de\/wp-json\/wp\/v2\/users\/1"}],"replies":[{"embeddable":true,"href":"https:\/\/photo-fribourg.ch\/de\/wp-json\/wp\/v2\/comments?post=933"}],"version-history":[{"count":16,"href":"https:\/\/photo-fribourg.ch\/de\/wp-json\/wp\/v2\/pages\/933\/revisions"}],"predecessor-version":[{"id":1054,"href":"https:\/\/photo-fribourg.ch\/de\/wp-json\/wp\/v2\/pages\/933\/revisions\/1054"}],"wp:attachment":[{"href":"https:\/\/photo-fribourg.ch\/de\/wp-json\/wp\/v2\/media?parent=933"}],"curies":[{"name":"wp","href":"https:\/\/api.w.org\/{rel}","templated":true}]}}