{"id":645,"date":"2022-12-12T17:48:45","date_gmt":"2022-12-12T16:48:45","guid":{"rendered":"https:\/\/photo-fribourg.ch\/?page_id=645"},"modified":"2026-03-04T14:14:37","modified_gmt":"2026-03-04T13:14:37","slug":"gazettes","status":"publish","type":"page","link":"https:\/\/photo-fribourg.ch\/de\/home\/gazettes\/","title":{"rendered":"Die Gazetten von Foto-Freiburg"},"content":{"rendered":"<p>[et_pb_section fb_built=\u00a0\u00bb1&Prime; _builder_version=\u00a0\u00bb4.27.4&Prime; _dynamic_attributes=\u00a0\u00bblink_option_url\u00a0\u00bb _module_preset=\u00a0\u00bbdefault\u00a0\u00bb link_option_url=\u00a0\u00bb@ET-DC@eyJkeW5hbWljIjp0cnVlLCJjb250ZW50IjoicG9zdF9saW5rX3VybCIsInNldHRpbmdzIjp7fX0=@\u00a0\u00bb global_colors_info=\u00a0\u00bb{}\u00a0\u00bb][et_pb_row _builder_version=\u00a0\u00bb4.19.5&Prime; _module_preset=\u00a0\u00bbdefault\u00a0\u00bb global_colors_info=\u00a0\u00bb{}\u00a0\u00bb][et_pb_column type=\u00a0\u00bb4_4&Prime; _builder_version=\u00a0\u00bb4.19.5&Prime; _module_preset=\u00a0\u00bbdefault\u00a0\u00bb global_colors_info=\u00a0\u00bb{}\u00a0\u00bb][et_pb_heading title=\u00a0\u00bbLes Gazettes de Photo-Fribourg\u00a0\u00bb _builder_version=\u00a0\u00bb4.27.4&Prime; _module_preset=\u00a0\u00bbdefault\u00a0\u00bb title_text_align=\u00a0\u00bbcenter\u00a0\u00bb title_font_size=\u00a0\u00bb37px\u00a0\u00bb module_alignment=\u00a0\u00bbcenter\u00a0\u00bb custom_margin_tablet=\u00a0\u00bb\u00a0\u00bb custom_margin_phone=\u00a0\u00bb||-50px||false|false\u00a0\u00bb custom_margin_last_edited=\u00a0\u00bbon|phone\u00a0\u00bb custom_padding=\u00a0\u00bb||0px||false|false\u00a0\u00bb title_font_size_tablet=\u00a0\u00bb37px\u00a0\u00bb title_font_size_phone=\u00a0\u00bb16px\u00a0\u00bb title_font_size_last_edited=\u00a0\u00bbon|phone\u00a0\u00bb module_alignment_tablet=\u00a0\u00bbcenter\u00a0\u00bb module_alignment_phone=\u00a0\u00bbcenter\u00a0\u00bb module_alignment_last_edited=\u00a0\u00bbon|desktop\u00a0\u00bb global_colors_info=\u00a0\u00bb{}\u00a0\u00bb][\/et_pb_heading][\/et_pb_column][\/et_pb_row][et_pb_row _builder_version=\u00a0\u00bb4.27.4&Prime; _module_preset=\u00a0\u00bbdefault\u00a0\u00bb global_colors_info=\u00a0\u00bb{}\u00a0\u00bb][et_pb_column type=\u00a0\u00bb4_4&Prime; _builder_version=\u00a0\u00bb4.27.4&Prime; _module_preset=\u00a0\u00bbdefault\u00a0\u00bb global_colors_info=\u00a0\u00bb{}\u00a0\u00bb][et_pb_image src=\u00a0\u00bbhttps:\/\/photo-fribourg.ch\/wp-content\/uploads\/2026\/02\/Gazette-Photo-Fribourg-1-pdf.jpg\u00a0\u00bb alt=\u00a0\u00bbLa Gazette de Photo-Fribourg n\u00b0 1 &#8211; 2023 : ANSICHTEN VON MURTEN &#8211; VUES DE MORAT par Gustav Wattelet \/ LES FR\u00c8RES DE MARCEL IMSAND num\u00e9ris\u00e9s en haute d\u00e9finition \/ JEAN BERTHER red\u00e9couvert par sa petite-fille \/ LES SPAHIS au Mus\u00e9e d\u2019Estavayer-le-Lac \/ PHOTO-FRIBOURG l\u2019actu en un mot\u00a0\u00bb title_text=\u00a0\u00bbGazette Photo-Fribourg 1&Prime; url=\u00a0\u00bbhttps:\/\/photo-fribourg.ch\/wp-content\/uploads\/2026\/02\/Gazette-Photo-Fribourg-1.pdf\u00a0\u00bb use_overlay=\u00a0\u00bbon\u00a0\u00bb overlay_icon_color=\u00a0\u00bb#FFFFFF\u00a0\u00bb hover_overlay_color=\u00a0\u00bbrgba(0,0,0,0.5)\u00a0\u00bb hover_icon=\u00a0\u00bb&#xe092;||divi||400&Prime; _builder_version=\u00a0\u00bb4.27.4&Prime; _module_preset=\u00a0\u00bbdefault\u00a0\u00bb width=\u00a0\u00bb50%\u00a0\u00bb width_tablet=\u00a0\u00bb50%\u00a0\u00bb width_phone=\u00a0\u00bb75%\u00a0\u00bb width_last_edited=\u00a0\u00bbon|phone\u00a0\u00bb module_alignment=\u00a0\u00bbcenter\u00a0\u00bb global_colors_info=\u00a0\u00bb{}\u00a0\u00bb filter_hue_rotate__hover_enabled=\u00a0\u00bbon|hover\u00a0\u00bb filter_invert__hover_enabled=\u00a0\u00bbon|desktop\u00a0\u00bb filter_invert__hover=\u00a0\u00bb100%\u00a0\u00bb][\/et_pb_image][et_pb_text _builder_version=\u00a0\u00bb4.27.4&Prime; _module_preset=\u00a0\u00bbdefault\u00a0\u00bb width=\u00a0\u00bb100%\u00a0\u00bb max_width=\u00a0\u00bb30%\u00a0\u00bb max_width_tablet=\u00a0\u00bb51%\u00a0\u00bb max_width_phone=\u00a0\u00bb66%\u00a0\u00bb max_width_last_edited=\u00a0\u00bbon|phone\u00a0\u00bb module_alignment=\u00a0\u00bbcenter\u00a0\u00bb global_colors_info=\u00a0\u00bb{}\u00a0\u00bb]<\/p>\n<p>D\u00e9couvre la Gazette num\u00e9ro 1 en <a href=\"https:\/\/photo-fribourg.ch\/wp-content\/uploads\/2026\/02\/Gazette-Photo-Fribourg-1.pdf\" target=\"_blank\" rel=\"noopener\" title=\"Gazette num\u00e9ro 1\">cliquant ici.<\/a><\/p>\n<p>[\/et_pb_text][et_pb_image src=\u00a0\u00bbhttps:\/\/photo-fribourg.ch\/wp-content\/uploads\/2026\/02\/Gazette-Photo-Fribourg-2-pdf.jpg\u00a0\u00bb alt=\u00a0\u00bbLa Gazette de Photo-Fribourg n\u00b02 &#8211; 2024 : ANNE PHILIPONA et ROMAIN BORCARD &#8211; M\u00c9MOIRE PAYSANNE ET PHOTOGRAPHIE \/  AUDREY LEBLANC &#8211;  Le r\u00f4le des femmes dans les agences photos  \/ THELMA DEBONS L\u2019incendie, sujet photog\u00e9nique? \/ L&rsquo;actualit\u00e9 de Photo-Fribourg\u00a0\u00bb title_text=\u00a0\u00bbGazette Photo-Fribourg 2&Prime; url=\u00a0\u00bbhttps:\/\/photo-fribourg.ch\/wp-content\/uploads\/2026\/02\/Gazette-Photo-Fribourg-2.pdf\u00a0\u00bb use_overlay=\u00a0\u00bbon\u00a0\u00bb overlay_icon_color=\u00a0\u00bb#FFFFFF\u00a0\u00bb hover_overlay_color=\u00a0\u00bbrgba(0,0,0,0.5)\u00a0\u00bb hover_icon=\u00a0\u00bb&#xe092;||divi||400&Prime; _builder_version=\u00a0\u00bb4.27.4&Prime; _module_preset=\u00a0\u00bbdefault\u00a0\u00bb width=\u00a0\u00bb50%\u00a0\u00bb width_tablet=\u00a0\u00bb50%\u00a0\u00bb width_phone=\u00a0\u00bb75%\u00a0\u00bb width_last_edited=\u00a0\u00bbon|phone\u00a0\u00bb module_alignment=\u00a0\u00bbcenter\u00a0\u00bb global_colors_info=\u00a0\u00bb{}\u00a0\u00bb filter_invert__hover_enabled=\u00a0\u00bbon|desktop\u00a0\u00bb filter_invert__hover=\u00a0\u00bb100%\u00a0\u00bb][\/et_pb_image][et_pb_text _builder_version=\u00a0\u00bb4.27.4&Prime; _module_preset=\u00a0\u00bbdefault\u00a0\u00bb width=\u00a0\u00bb100%\u00a0\u00bb max_width=\u00a0\u00bb30%\u00a0\u00bb max_width_tablet=\u00a0\u00bb51%\u00a0\u00bb max_width_phone=\u00a0\u00bb66%\u00a0\u00bb max_width_last_edited=\u00a0\u00bbon|phone\u00a0\u00bb module_alignment=\u00a0\u00bbcenter\u00a0\u00bb hover_enabled=\u00a0\u00bb0&Prime; global_colors_info=\u00a0\u00bb{}\u00a0\u00bb sticky_enabled=\u00a0\u00bb0&Prime;]<\/p>\n<p>D\u00e9couvre la Gazette num\u00e9ro 2 en <a href=\"https:\/\/photo-fribourg.ch\/wp-content\/uploads\/2026\/02\/Gazette-Photo-Fribourg-2.pdf\" target=\"_blank\" rel=\"noopener\" title=\"Gazette num\u00e9ro 2\">cliquant ici.<\/a><\/p>\n<p>[\/et_pb_text][et_pb_image src=\u00a0\u00bbhttps:\/\/photo-fribourg.ch\/wp-content\/uploads\/2026\/02\/Gazette-Photo-Fribourg-3-pdf.jpg\u00a0\u00bb alt=\u00a0\u00bbLa Gazette de Photo-Fribourg n\u00b03 &#8211; 2024 : MUS\u00c9E GRU\u00c9RIEN &#8211; L\u2019\u00e9tincellante restauration de trois daguerr\u00e9otypes \/ PHOTO-FRIBOURG &#8211; L\u2019actualit\u00e9 en bref \/  MUS\u00c9E DE CHARMEY &#8211; La Gruy\u00e8re dans les yeux d\u2019un aristocrate fran\u00e7ais \/ ESMC\/DAS DEPOT &#8211; Alle Z\u00fcge der Schweiz von Francis Chevalier fotografiert \/ ADRIEN GROSS &#8211; Xavier Cuony amateur sensible\u00a0\u00bb title_text=\u00a0\u00bbGazette Photo-Fribourg 3&Prime; url=\u00a0\u00bbhttps:\/\/photo-fribourg.ch\/wp-content\/uploads\/2026\/02\/Gazette-Photo-Fribourg-3.pdf\u00a0\u00bb use_overlay=\u00a0\u00bbon\u00a0\u00bb overlay_icon_color=\u00a0\u00bb#FFFFFF\u00a0\u00bb hover_overlay_color=\u00a0\u00bbrgba(0,0,0,0.5)\u00a0\u00bb hover_icon=\u00a0\u00bb&#xe092;||divi||400&Prime; _builder_version=\u00a0\u00bb4.27.4&Prime; _module_preset=\u00a0\u00bbdefault\u00a0\u00bb width=\u00a0\u00bb50%\u00a0\u00bb width_tablet=\u00a0\u00bb50%\u00a0\u00bb width_phone=\u00a0\u00bb75%\u00a0\u00bb width_last_edited=\u00a0\u00bbon|phone\u00a0\u00bb module_alignment=\u00a0\u00bbcenter\u00a0\u00bb global_colors_info=\u00a0\u00bb{}\u00a0\u00bb filter_invert__hover_enabled=\u00a0\u00bbon|hover\u00a0\u00bb filter_invert__hover=\u00a0\u00bb100%\u00a0\u00bb][\/et_pb_image][et_pb_text _builder_version=\u00a0\u00bb4.27.4&Prime; _module_preset=\u00a0\u00bbdefault\u00a0\u00bb width=\u00a0\u00bb100%\u00a0\u00bb max_width=\u00a0\u00bb30%\u00a0\u00bb max_width_tablet=\u00a0\u00bb51%\u00a0\u00bb max_width_phone=\u00a0\u00bb66%\u00a0\u00bb max_width_last_edited=\u00a0\u00bbon|phone\u00a0\u00bb module_alignment=\u00a0\u00bbcenter\u00a0\u00bb hover_enabled=\u00a0\u00bb0&Prime; global_colors_info=\u00a0\u00bb{}\u00a0\u00bb sticky_enabled=\u00a0\u00bb0&Prime;]<\/p>\n<p>D\u00e9couvre la Gazette num\u00e9ro 3 en <a href=\"https:\/\/photo-fribourg.ch\/wp-content\/uploads\/2026\/02\/Gazette-Photo-Fribourg-3.pdf\" target=\"_blank\" rel=\"noopener\" title=\"Gazette num\u00e9ro 3\">cliquant ici.<\/a><\/p>\n<p>[\/et_pb_text][et_pb_image src=\u00a0\u00bbhttps:\/\/photo-fribourg.ch\/wp-content\/uploads\/2026\/02\/Gazette-Photo-Fribourg-4-Francais-pdf.jpg\u00a0\u00bb alt=\u00a0\u00bbLa Gazette de Photo-Fribourg n\u00b0 4 en fran\u00e7ais &#8211; 2025 : STEPHAN GRAF &#8211; FRIBOURG ET L\u2019INDUSTRIE PHOTOGRAPHIQUE \/ UNION FRIBOURGEOISE DU TOURISME &#8211; Trois commandes photographiques pour marquer le 100e anniversaire \/ PHOTO-FRIBOURG &#8211; Adrien Gross, nouveau coordinateur du projet \/ MUS\u00c9E GRU\u00c9RIEN &#8211; Un millier de photographies sur plaques de verre prises par le cur\u00e9 Rodolphe Bochud red\u00e9couvertes par hasard \u00e0 Neirivue\u00a0\u00bb title_text=\u00a0\u00bbGazette Photo-Fribourg 4 Fran\u00e7ais\u00a0\u00bb url=\u00a0\u00bbhttps:\/\/photo-fribourg.ch\/wp-content\/uploads\/2026\/02\/Gazette-Photo-Fribourg-4-Francais.pdf\u00a0\u00bb use_overlay=\u00a0\u00bbon\u00a0\u00bb overlay_icon_color=\u00a0\u00bb#FFFFFF\u00a0\u00bb hover_overlay_color=\u00a0\u00bbrgba(0,0,0,0.5)\u00a0\u00bb hover_icon=\u00a0\u00bb&#xe092;||divi||400&Prime; _builder_version=\u00a0\u00bb4.27.4&Prime; _module_preset=\u00a0\u00bbdefault\u00a0\u00bb width=\u00a0\u00bb50%\u00a0\u00bb width_tablet=\u00a0\u00bb50%\u00a0\u00bb width_phone=\u00a0\u00bb75%\u00a0\u00bb width_last_edited=\u00a0\u00bbon|phone\u00a0\u00bb module_alignment=\u00a0\u00bbcenter\u00a0\u00bb global_colors_info=\u00a0\u00bb{}\u00a0\u00bb filter_invert__hover_enabled=\u00a0\u00bbon|hover\u00a0\u00bb filter_invert__hover=\u00a0\u00bb100%\u00a0\u00bb][\/et_pb_image][et_pb_text _builder_version=\u00a0\u00bb4.27.4&Prime; _module_preset=\u00a0\u00bbdefault\u00a0\u00bb width=\u00a0\u00bb100%\u00a0\u00bb max_width=\u00a0\u00bb30%\u00a0\u00bb max_width_tablet=\u00a0\u00bb51%\u00a0\u00bb max_width_phone=\u00a0\u00bb66%\u00a0\u00bb max_width_last_edited=\u00a0\u00bbon|phone\u00a0\u00bb module_alignment=\u00a0\u00bbcenter\u00a0\u00bb hover_enabled=\u00a0\u00bb0&Prime; global_colors_info=\u00a0\u00bb{}\u00a0\u00bb sticky_enabled=\u00a0\u00bb0&Prime;]<\/p>\n<p>D\u00e9couvre la Gazette num\u00e9ro 4 en <a href=\"https:\/\/photo-fribourg.ch\/wp-content\/uploads\/2026\/02\/Gazette-Photo-Fribourg-4-Francais.pdf\" target=\"_blank\" rel=\"noopener\" title=\"Gazette num\u00e9ro 4\">cliquant ici.<\/a><\/p>\n<p>[\/et_pb_text][et_pb_image src=\u00a0\u00bbhttps:\/\/photo-fribourg.ch\/wp-content\/uploads\/2026\/02\/Gazette-Photo-Fribourg-4-Allemand-pdf.jpg\u00a0\u00bb alt=\u00a0\u00bbDie Gazette de Photo-Fribourg Nr. 4 auf Deutsch \u2013 2025: STEPHAN GRAF \u2013 FREIBURG UND DIE FOTOGRAFIEINDUSTRIE \/ FREIBURGER TOURISMUSVERBAND \u2013 Drei Fotoauftr\u00e4ge zum 100-j\u00e4hrigen Jubil\u00e4um \/ PHOTO-FRIBOURG \u2013 Adrien Gross, neuer Projektkoordinator \/ MUS\u00c9E GRU\u00c9RIEN \u2013 Tausend Glasplattenfotografien von Pfarrer Rodolphe Bochud, die zuf\u00e4llig in Neirivue wiederentdeckt wurden\u00a0\u00bb title_text=\u00a0\u00bbGazette Photo-Fribourg 4 Allemand\u00a0\u00bb url=\u00a0\u00bbhttps:\/\/photo-fribourg.ch\/wp-content\/uploads\/2026\/02\/Gazette-Photo-Fribourg-4-Allemand.pdf\u00a0\u00bb use_overlay=\u00a0\u00bbon\u00a0\u00bb overlay_icon_color=\u00a0\u00bb#FFFFFF\u00a0\u00bb hover_overlay_color=\u00a0\u00bbrgba(0,0,0,0.5)\u00a0\u00bb hover_icon=\u00a0\u00bb&#xe092;||divi||400&Prime; _builder_version=\u00a0\u00bb4.27.4&Prime; _module_preset=\u00a0\u00bbdefault\u00a0\u00bb width=\u00a0\u00bb50%\u00a0\u00bb width_tablet=\u00a0\u00bb50%\u00a0\u00bb width_phone=\u00a0\u00bb75%\u00a0\u00bb width_last_edited=\u00a0\u00bbon|phone\u00a0\u00bb module_alignment=\u00a0\u00bbcenter\u00a0\u00bb global_colors_info=\u00a0\u00bb{}\u00a0\u00bb filter_invert__hover_enabled=\u00a0\u00bbon|hover\u00a0\u00bb filter_invert__hover=\u00a0\u00bb100%\u00a0\u00bb][\/et_pb_image][et_pb_text _builder_version=\u00a0\u00bb4.27.4&Prime; _module_preset=\u00a0\u00bbdefault\u00a0\u00bb width=\u00a0\u00bb100%\u00a0\u00bb max_width=\u00a0\u00bb30%\u00a0\u00bb max_width_tablet=\u00a0\u00bb51%\u00a0\u00bb max_width_phone=\u00a0\u00bb66%\u00a0\u00bb max_width_last_edited=\u00a0\u00bbon|phone\u00a0\u00bb module_alignment=\u00a0\u00bbcenter\u00a0\u00bb hover_enabled=\u00a0\u00bb0&Prime; global_colors_info=\u00a0\u00bb{}\u00a0\u00bb sticky_enabled=\u00a0\u00bb0&Prime;]<\/p>\n<p>D\u00e9couvre la Gazette num\u00e9ro 4 (All) en <a href=\"https:\/\/photo-fribourg.ch\/wp-content\/uploads\/2026\/02\/Gazette-Photo-Fribourg-4-Allemand.pdf\" target=\"_blank\" rel=\"noopener\" title=\"Gazette num\u00e9ro 4 Allemand\">cliquant ici.<\/a><\/p>\n<p>[\/et_pb_text][et_pb_image src=\u00a0\u00bbhttps:\/\/photo-fribourg.ch\/wp-content\/uploads\/2026\/02\/Gazette-N\u00b005-web-pdf.jpg\u00a0\u00bb alt=\u00a0\u00bbGazette n\u00b0 5 &#8211; Fribourg, la Suisse, le monde par la photographie &#8211; Marie Spang &#8211; Alain-Jacques Tornare &#8211; Oscar Coursin : Des usages de la photographie fribourgeoise \/ Audrey Azar &#8211; La section Mol\u00e9son du Club Alpin Suisse: les Pr\u00e9alpes dans l\u2019objectif \/ Les partenariats de Photo-Fribourg\u00a0\u00bb title_text=\u00a0\u00bbGazette N\u00b005 web\u00a0\u00bb url=\u00a0\u00bbhttps:\/\/photo-fribourg.ch\/wp-content\/uploads\/2026\/02\/Gazette-N\u00b005-web.pdf\u00a0\u00bb url_new_window=\u00a0\u00bbon\u00a0\u00bb use_overlay=\u00a0\u00bbon\u00a0\u00bb overlay_icon_color=\u00a0\u00bb#FFFFFF\u00a0\u00bb hover_overlay_color=\u00a0\u00bbrgba(0,0,0,0.5)\u00a0\u00bb hover_icon=\u00a0\u00bb&#xe092;||divi||400&Prime; align=\u00a0\u00bbcenter\u00a0\u00bb _builder_version=\u00a0\u00bb4.27.4&Prime; _module_preset=\u00a0\u00bbdefault\u00a0\u00bb width=\u00a0\u00bb50%\u00a0\u00bb width_tablet=\u00a0\u00bb50%\u00a0\u00bb width_phone=\u00a0\u00bb75%\u00a0\u00bb width_last_edited=\u00a0\u00bbon|tablet\u00a0\u00bb max_width=\u00a0\u00bb100%\u00a0\u00bb hover_enabled=\u00a0\u00bb0&Prime; global_colors_info=\u00a0\u00bb{}\u00a0\u00bb filter_invert__hover_enabled=\u00a0\u00bbon|hover\u00a0\u00bb filter_invert__hover=\u00a0\u00bb100%\u00a0\u00bb sticky_enabled=\u00a0\u00bb0&Prime;][\/et_pb_image][et_pb_text _builder_version=\u00a0\u00bb4.27.4&Prime; _module_preset=\u00a0\u00bbdefault\u00a0\u00bb width=\u00a0\u00bb100%\u00a0\u00bb max_width=\u00a0\u00bb30%\u00a0\u00bb max_width_tablet=\u00a0\u00bb51%\u00a0\u00bb max_width_phone=\u00a0\u00bb66%\u00a0\u00bb max_width_last_edited=\u00a0\u00bbon|phone\u00a0\u00bb module_alignment=\u00a0\u00bbcenter\u00a0\u00bb hover_enabled=\u00a0\u00bb0&Prime; global_colors_info=\u00a0\u00bb{}\u00a0\u00bb sticky_enabled=\u00a0\u00bb0&Prime;]<\/p>\n<p>D\u00e9couvre la Gazette num\u00e9ro 5 en <a href=\"https:\/\/photo-fribourg.ch\/wp-content\/uploads\/2026\/02\/Gazette-N%C2%B005-web.pdf\" target=\"_blank\" rel=\"noopener\" title=\"Gazette num\u00e9ro 5\">cliquant ici.<\/a><\/p>\n<p>[\/et_pb_text][et_pb_image src=\u00a0\u00bbhttps:\/\/photo-fribourg.ch\/wp-content\/uploads\/2026\/02\/Gazette-N\u00b005-definitif-DE-2-pdf.jpg\u00a0\u00bb alt=\u00a0\u00bbGazette Nr. 5 &#8211; 2026 \u2013 Freiburg, die Schweiz, die Welt durch die Fotografie \u2013 Marie Spang \u2013 Alain-Jacques Tornare \u2013 Oscar Coursin: erwendungszwecke der Freiburger Fotografie \/ Audrey Azar \u2013 Die Sektion Mol\u00e9son des Schweizer Alpen-Clubs: Die Voralpen im Objektiv \/ Die Partnerschaften von Photo-Fribourg\u00a0\u00bb title_text=\u00a0\u00bbGazette de Photo-Fribourg N\u00b005 Allemand 2026&Prime; url=\u00a0\u00bbhttps:\/\/photo-fribourg.ch\/wp-content\/uploads\/2026\/02\/Gazette-N\u00b005-definitif-DE-2.pdf\u00a0\u00bb use_overlay=\u00a0\u00bbon\u00a0\u00bb overlay_icon_color=\u00a0\u00bb#ffffff\u00a0\u00bb hover_overlay_color=\u00a0\u00bbrgba(0,0,0,0.5)\u00a0\u00bb hover_icon=\u00a0\u00bb&#xe092;||divi||400&Prime; align=\u00a0\u00bbcenter\u00a0\u00bb _builder_version=\u00a0\u00bb4.27.4&Prime; _module_preset=\u00a0\u00bbdefault\u00a0\u00bb width=\u00a0\u00bb50%\u00a0\u00bb width_tablet=\u00a0\u00bb50%\u00a0\u00bb width_phone=\u00a0\u00bb75%\u00a0\u00bb width_last_edited=\u00a0\u00bbon|phone\u00a0\u00bb global_colors_info=\u00a0\u00bb{}\u00a0\u00bb filter_invert__hover_enabled=\u00a0\u00bbon|hover\u00a0\u00bb filter_invert__hover=\u00a0\u00bb100%\u00a0\u00bb][\/et_pb_image][et_pb_text _builder_version=\u00a0\u00bb4.27.4&Prime; _module_preset=\u00a0\u00bbdefault\u00a0\u00bb width=\u00a0\u00bb100%\u00a0\u00bb max_width=\u00a0\u00bb30%\u00a0\u00bb max_width_tablet=\u00a0\u00bb51%\u00a0\u00bb max_width_phone=\u00a0\u00bb66%\u00a0\u00bb max_width_last_edited=\u00a0\u00bbon|phone\u00a0\u00bb module_alignment=\u00a0\u00bbcenter\u00a0\u00bb hover_enabled=\u00a0\u00bb0&Prime; global_colors_info=\u00a0\u00bb{}\u00a0\u00bb sticky_enabled=\u00a0\u00bb0&Prime;]<\/p>\n<p>D\u00e9couvre la Gazette num\u00e9ro 5 (All) en <a href=\"https:\/\/photo-fribourg.ch\/wp-content\/uploads\/2026\/02\/Gazette-N%C2%B005-definitif-DE-2.pdf\" target=\"_blank\" rel=\"noopener\" title=\"Gazette num\u00e9ro 5 Allemand\">cliquant ici.<\/a><\/p>\n<p>[\/et_pb_text][\/et_pb_column][\/et_pb_row][\/et_pb_section]<\/p>","protected":false},"excerpt":{"rendered":"<p>D\u00e9couvre la Gazette num\u00e9ro 1 en cliquant ici.D\u00e9couvre la Gazette num\u00e9ro 2 en cliquant ici.D\u00e9couvre la Gazette num\u00e9ro 3 en cliquant ici.D\u00e9couvre la Gazette num\u00e9ro 4 en cliquant ici.D\u00e9couvre la Gazette num\u00e9ro 4 (All) en cliquant ici.D\u00e9couvre la Gazette num\u00e9ro 5 en cliquant ici.D\u00e9couvre la Gazette num\u00e9ro 5 (All) en cliquant ici.<\/p>","protected":false},"author":1,"featured_media":284,"parent":38,"menu_order":0,"comment_status":"closed","ping_status":"closed","template":"","meta":{"_et_pb_use_builder":"on","_et_pb_old_content":"","_et_gb_content_width":"","footnotes":""},"class_list":["post-645","page","type-page","status-publish","has-post-thumbnail","hentry"],"_links":{"self":[{"href":"https:\/\/photo-fribourg.ch\/de\/wp-json\/wp\/v2\/pages\/645","targetHints":{"allow":["GET"]}}],"collection":[{"href":"https:\/\/photo-fribourg.ch\/de\/wp-json\/wp\/v2\/pages"}],"about":[{"href":"https:\/\/photo-fribourg.ch\/de\/wp-json\/wp\/v2\/types\/page"}],"author":[{"embeddable":true,"href":"https:\/\/photo-fribourg.ch\/de\/wp-json\/wp\/v2\/users\/1"}],"replies":[{"embeddable":true,"href":"https:\/\/photo-fribourg.ch\/de\/wp-json\/wp\/v2\/comments?post=645"}],"version-history":[{"count":64,"href":"https:\/\/photo-fribourg.ch\/de\/wp-json\/wp\/v2\/pages\/645\/revisions"}],"predecessor-version":[{"id":1122,"href":"https:\/\/photo-fribourg.ch\/de\/wp-json\/wp\/v2\/pages\/645\/revisions\/1122"}],"up":[{"embeddable":true,"href":"https:\/\/photo-fribourg.ch\/de\/wp-json\/wp\/v2\/pages\/38"}],"wp:featuredmedia":[{"embeddable":true,"href":"https:\/\/photo-fribourg.ch\/de\/wp-json\/wp\/v2\/media\/284"}],"wp:attachment":[{"href":"https:\/\/photo-fribourg.ch\/de\/wp-json\/wp\/v2\/media?parent=645"}],"curies":[{"name":"wp","href":"https:\/\/api.w.org\/{rel}","templated":true}]}}