{"id":38,"date":"2017-02-23T12:36:50","date_gmt":"2017-02-23T12:36:50","guid":{"rendered":"https:\/\/demo.infomaniak.com\/divi-onepage\/?page_id=38"},"modified":"2026-03-04T14:08:38","modified_gmt":"2026-03-04T13:08:38","slug":"home","status":"publish","type":"page","link":"https:\/\/photo-fribourg.ch\/de\/","title":{"rendered":"HOME"},"content":{"rendered":"<p>[et_pb_section fb_built=\u00a0\u00bb1&Prime; _builder_version=\u00a0\u00bb4.27.4&Prime; _module_preset=\u00a0\u00bbdefault\u00a0\u00bb custom_padding=\u00a0\u00bb0px||2px|||\u00a0\u00bb global_colors_info=\u00a0\u00bb{}\u00a0\u00bb][et_pb_row _builder_version=\u00a0\u00bb4.27.4&Prime; _module_preset=\u00a0\u00bbdefault\u00a0\u00bb global_colors_info=\u00a0\u00bb{}\u00a0\u00bb][et_pb_column type=\u00a0\u00bb4_4&Prime; _builder_version=\u00a0\u00bb4.27.4&Prime; _module_preset=\u00a0\u00bbdefault\u00a0\u00bb global_colors_info=\u00a0\u00bb{}\u00a0\u00bb][et_pb_image src=\u00a0\u00bbhttps:\/\/photo-fribourg.ch\/wp-content\/uploads\/2025\/12\/site-web-image-logo.png\u00a0\u00bb title_text=\u00a0\u00bbsite web image logo\u00a0\u00bb _builder_version=\u00a0\u00bb4.27.4&Prime; _module_preset=\u00a0\u00bbdefault\u00a0\u00bb border_width_all=\u00a0\u00bb4px\u00a0\u00bb global_colors_info=\u00a0\u00bb{}\u00a0\u00bb filter_invert__hover_enabled=\u00a0\u00bbon|hover\u00a0\u00bb filter_invert__hover=\u00a0\u00bb100%\u00a0\u00bb filter_brightness__hover_enabled=\u00a0\u00bbon|hover\u00a0\u00bb filter_brightness__hover=\u00a0\u00bb53%\u00a0\u00bb][\/et_pb_image][\/et_pb_column][\/et_pb_row][et_pb_row _builder_version=\u00a0\u00bb4.27.4&Prime; _module_preset=\u00a0\u00bbdefault\u00a0\u00bb custom_padding=\u00a0\u00bb2px||1px|||\u00a0\u00bb global_colors_info=\u00a0\u00bb{}\u00a0\u00bb][et_pb_column type=\u00a0\u00bb4_4&Prime; _builder_version=\u00a0\u00bb4.27.4&Prime; _module_preset=\u00a0\u00bbdefault\u00a0\u00bb global_colors_info=\u00a0\u00bb{}\u00a0\u00bb][et_pb_text _builder_version=\u00a0\u00bb4.27.4&Prime; _module_preset=\u00a0\u00bbdefault\u00a0\u00bb global_colors_info=\u00a0\u00bb{}\u00a0\u00bb]<\/p>\n<h3 style=\"text-align: center;\">Ein Buch und ein Festival im Jahr 2027, um die Geschichten der Freiburger Fotografie zu erz\u00e4hlen.<\/h3>\n<p>[\/et_pb_text][\/et_pb_column][\/et_pb_row][\/et_pb_section][et_pb_section fb_built=\u00a0\u00bb1&Prime; _builder_version=\u00a0\u00bb4.27.4&Prime; _module_preset=\u00a0\u00bbdefault\u00a0\u00bb custom_padding=\u00a0\u00bb2px|||||\u00a0\u00bb global_colors_info=\u00a0\u00bb{}\u00a0\u00bb][et_pb_row column_structure=\u00a0\u00bb2_5,3_5&Prime; _builder_version=\u00a0\u00bb4.27.4&Prime; _module_preset=\u00a0\u00bbdefault\u00a0\u00bb global_colors_info=\u00a0\u00bb{}\u00a0\u00bb][et_pb_column type=\u00a0\u00bb2_5&Prime; _builder_version=\u00a0\u00bb4.27.4&Prime; _module_preset=\u00a0\u00bbdefault\u00a0\u00bb global_colors_info=\u00a0\u00bb{}\u00a0\u00bb][et_pb_image src=\u00a0\u00bbhttps:\/\/photo-fribourg.ch\/wp-content\/uploads\/2025\/11\/Photo-Fribourg-logo-scaled.jpg\u00a0\u00bb title_text=\u00a0\u00bbPhoto-Fribourg logo\u00a0\u00bb _builder_version=\u00a0\u00bb4.27.4&Prime; _module_preset=\u00a0\u00bbdefault\u00a0\u00bb width=\u00a0\u00bb58%\u00a0\u00bb global_colors_info=\u00a0\u00bb{}\u00a0\u00bb][\/et_pb_image][\/et_pb_column][et_pb_column type=\u00a0\u00bb3_5&Prime; _builder_version=\u00a0\u00bb4.27.4&Prime; _module_preset=\u00a0\u00bbdefault\u00a0\u00bb global_colors_info=\u00a0\u00bb{}\u00a0\u00bb][et_pb_text content_tablet=\u00a0\u00bb<\/p>\n<h1 style=\"%22text-align:\" justify;%22>Das Projekt Foto-Freiburg<\/h1>\n<p style=\"%22text-align:\" justify;%22>Das Projekt Foto-Freiburg wurde 2021 von der Association pour la sauvegarde du patrimoine photographique fribourgeois (ASPPF) ins Leben gerufen und hat zum Ziel, das fotografische Erbe des Kantons Freiburg zu bewahren, zu dokumentieren und weiterzugeben.<\/p>\n<p style=\"%22text-align:\" justify;%22>Zu seinen Aktivit\u00e4ten geh\u00f6ren das Sammeln von Fotografien aus der \u00d6ffentlichkeit, die Durchf\u00fchrung von m\u00fcndlichen Interviews mit Freiburger Fotografen, die Digitalisierung von Fotobest\u00e4nden von regionaler Bedeutung, die Organisation von wissenschaftlichen Kolloquien und die Erstellung eines Nachschlagewerks zur Geschichte der Freiburger Fotografie.<\/p>\n<p style=\"%22text-align:\" justify;%22>Zwischen Mai und September 2027 organisiert Foto-Freiburg ein Festival f\u00fcr Kulturerbe-Fotografie, das sich \u00fcber mehrere Standorte im gesamten Kanton erstreckt. Rund f\u00fcnfzehn Kulturinstitutionen und Museen werden einzigartige, lebendige und inklusive Ausstellungen organisieren, zu denen noch etwa f\u00fcnfzehn Ausstellungen im Freien hinzukommen.<\/p>\n<p style=\"%22text-align:\" justify;%22>Diese Veranstaltung wurde vom franz\u00f6sischen Kulturministerium mit dem Label \u201eBicentenaire de la Photographie\u201c (Zweihundertj\u00e4hriges Jubil\u00e4um der Fotografie) ausgezeichnet und ist damit Teil der internationalen Feierlichkeiten zur Erfindung der Fotografie.<\/p>\n<p style=\"%22text-align:\" justify;%22>\u00a0\u00bb content_phone=\u00a0\u00bb<\/p>\n<h1 style=\"%22text-align:\" left;%22>Das Projekt Foto-Freiburg<\/h1>\n<p style=\"%22text-align:\" left;%22>Das Projekt Foto-Freiburg wurde 2021 von der Association pour la sauvegarde du patrimoine photographique fribourgeois (ASPPF) ins Leben gerufen und hat zum Ziel, das fotografische Erbe des Kantons Freiburg zu bewahren, zu dokumentieren und weiterzugeben.<\/p>\n<p style=\"%22text-align:\" left;%22>Zu seinen Aktivit\u00e4ten geh\u00f6ren das Sammeln von Fotografien aus der \u00d6ffentlichkeit, die Durchf\u00fchrung von m\u00fcndlichen Interviews mit Freiburger Fotografen, die Digitalisierung von Fotobest\u00e4nden von regionaler Bedeutung, die Organisation von wissenschaftlichen Kolloquien und die Erstellung eines Nachschlagewerks zur Geschichte der Freiburger Fotografie.<\/p>\n<p style=\"%22text-align:\" left;%22>Zwischen Mai und September 2027 organisiert Foto-Freiburg ein Festival f\u00fcr Kulturerbe-Fotografie, das sich \u00fcber mehrere Standorte im gesamten Kanton erstreckt. Rund f\u00fcnfzehn Kulturinstitutionen und Museen werden einzigartige, lebendige und inklusive Ausstellungen organisieren, zu denen noch etwa f\u00fcnfzehn Ausstellungen im Freien hinzukommen.<\/p>\n<p style=\"%22text-align:\" left;%22>Cette manifestation est labellis\u00e9e Bicentenaire de la Photographie par le minist\u00e8re de la Culture fran\u00e7ais, inscrivant cet \u00e9v\u00e9nement dans la c\u00e9l\u00e9bration internationale de l&rsquo;invention de la photographie.<\/p>\n<p style=\"%22text-align:\" justify;%22>\u00a0\u00bb content_last_edited=\u00a0\u00bbon|phone\u00a0\u00bb _builder_version=\u00a0\u00bb4.27.4&Prime; _module_preset=\u00a0\u00bbdefault\u00a0\u00bb width=\u00a0\u00bb100%\u00a0\u00bb width_tablet=\u00a0\u00bb100%\u00a0\u00bb width_phone=\u00a0\u00bb100%\u00a0\u00bb width_last_edited=\u00a0\u00bbon|phone\u00a0\u00bb max_width=\u00a0\u00bb100%\u00a0\u00bb min_height=\u00a0\u00bb369px\u00a0\u00bb custom_margin=\u00a0\u00bb1px|28px||-172px||\u00a0\u00bb custom_margin_tablet=\u00a0\u00bb1px|28px||-172px||\u00a0\u00bb custom_margin_phone=\u00a0\u00bb1px|0px||0px|false|true\u00a0\u00bb custom_margin_last_edited=\u00a0\u00bbon|phone\u00a0\u00bb hover_enabled=\u00a0\u00bb0&Prime; text_font_tablet=\u00a0\u00bb\u00a0\u00bb text_font_phone=\u00a0\u00bb\u00a0\u00bb text_font_last_edited=\u00a0\u00bbon|phone\u00a0\u00bb text_font_size_tablet=\u00a0\u00bb\u00a0\u00bb text_font_size_phone=\u00a0\u00bb16px\u00a0\u00bb text_font_size_last_edited=\u00a0\u00bbon|phone\u00a0\u00bb header_font_tablet=\u00a0\u00bb\u00a0\u00bb header_font_phone=\u00a0\u00bb\u00a0\u00bb header_font_last_edited=\u00a0\u00bbon|phone\u00a0\u00bb header_font_size_tablet=\u00a0\u00bb\u00a0\u00bb header_font_size_phone=\u00a0\u00bb27px\u00a0\u00bb header_font_size_last_edited=\u00a0\u00bbon|phone\u00a0\u00bb global_colors_info=\u00a0\u00bb{}\u00a0\u00bb sticky_enabled=\u00a0\u00bb0&Prime;]<\/p>\n<h1>Das Projekt Foto-Freiburg<\/h1>\n<p>Das Projekt Foto-Freiburg wurde 2021 von der Association pour la sauvegarde du patrimoine photographique fribourgeois (ASPPF) ins Leben gerufen und hat zum Ziel, das fotografische Erbe des Kantons Freiburg zu bewahren, zu dokumentieren und weiterzugeben.<\/p>\n<p>Zu seinen Aktivit\u00e4ten geh\u00f6ren das Sammeln von Fotografien aus der \u00d6ffentlichkeit, die Durchf\u00fchrung von m\u00fcndlichen Interviews mit Freiburger Fotografen, die Digitalisierung von Fotobest\u00e4nden von regionaler Bedeutung, die Organisation von wissenschaftlichen Kolloquien und die Erstellung eines Nachschlagewerks zur Geschichte der Freiburger Fotografie.<\/p>\n<p>Zwischen Mai und September 2027 organisiert Foto-Freiburg ein Festival f\u00fcr Kulturerbe-Fotografie, das sich \u00fcber mehrere Standorte im gesamten Kanton erstreckt. Rund f\u00fcnfzehn Kulturinstitutionen und Museen werden einzigartige, lebendige und inklusive Ausstellungen organisieren, zu denen noch etwa f\u00fcnfzehn Ausstellungen im Freien hinzukommen.<\/p>\n<p>Cette manifestation est labellis\u00e9e Bicentenaire de la Photographie par le minist\u00e8re de la Culture fran\u00e7ais, inscrivant cet \u00e9v\u00e9nement dans la c\u00e9l\u00e9bration internationale de l&rsquo;invention de la photographie.<\/p>\n<p>&nbsp;<\/p>\n<p>[\/et_pb_text][\/et_pb_column][\/et_pb_row][\/et_pb_section][et_pb_section fb_built=\u00a0\u00bb1&Prime; _builder_version=\u00a0\u00bb4.27.4&Prime; _module_preset=\u00a0\u00bbdefault\u00a0\u00bb background_color=\u00a0\u00bbRGBA(92,165,132,0.42)\u00a0\u00bb custom_padding=\u00a0\u00bb0px|||||\u00a0\u00bb global_colors_info=\u00a0\u00bb{}\u00a0\u00bb][et_pb_row _builder_version=\u00a0\u00bb4.27.4&Prime; _module_preset=\u00a0\u00bbdefault\u00a0\u00bb global_colors_info=\u00a0\u00bb{}\u00a0\u00bb][et_pb_column type=\u00a0\u00bb4_4&Prime; _builder_version=\u00a0\u00bb4.25.1&Prime; _module_preset=\u00a0\u00bbdefault\u00a0\u00bb global_colors_info=\u00a0\u00bb{}\u00a0\u00bb][et_pb_contact_form title=\u00a0\u00bbEnvoyez-nous un message ou inscrivez-vous \u00e0 notre newsletter\u00a0\u00bb _builder_version=\u00a0\u00bb4.27.4&Prime; _module_preset=\u00a0\u00bbdefault\u00a0\u00bb _unique_id=\u00a0\u00bb86cd0de3-2840-47ce-bb12-4001dcc9e1ce\u00a0\u00bb global_colors_info=\u00a0\u00bb{}\u00a0\u00bb][et_pb_contact_field field_id=\u00a0\u00bbName\u00a0\u00bb field_title=\u00a0\u00bbNom\u00a0\u00bb _builder_version=\u00a0\u00bb4.25.1&Prime; global_colors_info=\u00a0\u00bb{}\u00a0\u00bb button_text_size__hover_enabled=\u00a0\u00bboff\u00a0\u00bb button_one_text_size__hover_enabled=\u00a0\u00bboff\u00a0\u00bb button_two_text_size__hover_enabled=\u00a0\u00bboff\u00a0\u00bb button_text_color__hover_enabled=\u00a0\u00bboff\u00a0\u00bb button_one_text_color__hover_enabled=\u00a0\u00bboff\u00a0\u00bb button_two_text_color__hover_enabled=\u00a0\u00bboff\u00a0\u00bb button_border_width__hover_enabled=\u00a0\u00bboff\u00a0\u00bb button_one_border_width__hover_enabled=\u00a0\u00bboff\u00a0\u00bb button_two_border_width__hover_enabled=\u00a0\u00bboff\u00a0\u00bb button_border_color__hover_enabled=\u00a0\u00bboff\u00a0\u00bb button_one_border_color__hover_enabled=\u00a0\u00bboff\u00a0\u00bb button_two_border_color__hover_enabled=\u00a0\u00bboff\u00a0\u00bb button_border_radius__hover_enabled=\u00a0\u00bboff\u00a0\u00bb button_one_border_radius__hover_enabled=\u00a0\u00bboff\u00a0\u00bb button_two_border_radius__hover_enabled=\u00a0\u00bboff\u00a0\u00bb button_letter_spacing__hover_enabled=\u00a0\u00bboff\u00a0\u00bb button_one_letter_spacing__hover_enabled=\u00a0\u00bboff\u00a0\u00bb button_two_letter_spacing__hover_enabled=\u00a0\u00bboff\u00a0\u00bb button_bg_color__hover_enabled=\u00a0\u00bboff\u00a0\u00bb button_one_bg_color__hover_enabled=\u00a0\u00bboff\u00a0\u00bb button_two_bg_color__hover_enabled=\u00a0\u00bboff\u00a0\u00bb][\/et_pb_contact_field][et_pb_contact_field field_id=\u00a0\u00bbEmail\u00a0\u00bb field_title=\u00a0\u00bbAdresse e-mail\u00a0\u00bb field_type=\u00a0\u00bbemail\u00a0\u00bb _builder_version=\u00a0\u00bb4.16&Prime; global_colors_info=\u00a0\u00bb{}\u00a0\u00bb button_text_size__hover_enabled=\u00a0\u00bboff\u00a0\u00bb button_one_text_size__hover_enabled=\u00a0\u00bboff\u00a0\u00bb button_two_text_size__hover_enabled=\u00a0\u00bboff\u00a0\u00bb button_text_color__hover_enabled=\u00a0\u00bboff\u00a0\u00bb button_one_text_color__hover_enabled=\u00a0\u00bboff\u00a0\u00bb button_two_text_color__hover_enabled=\u00a0\u00bboff\u00a0\u00bb button_border_width__hover_enabled=\u00a0\u00bboff\u00a0\u00bb button_one_border_width__hover_enabled=\u00a0\u00bboff\u00a0\u00bb button_two_border_width__hover_enabled=\u00a0\u00bboff\u00a0\u00bb button_border_color__hover_enabled=\u00a0\u00bboff\u00a0\u00bb button_one_border_color__hover_enabled=\u00a0\u00bboff\u00a0\u00bb button_two_border_color__hover_enabled=\u00a0\u00bboff\u00a0\u00bb button_border_radius__hover_enabled=\u00a0\u00bboff\u00a0\u00bb button_one_border_radius__hover_enabled=\u00a0\u00bboff\u00a0\u00bb button_two_border_radius__hover_enabled=\u00a0\u00bboff\u00a0\u00bb button_letter_spacing__hover_enabled=\u00a0\u00bboff\u00a0\u00bb button_one_letter_spacing__hover_enabled=\u00a0\u00bboff\u00a0\u00bb button_two_letter_spacing__hover_enabled=\u00a0\u00bboff\u00a0\u00bb button_bg_color__hover_enabled=\u00a0\u00bboff\u00a0\u00bb button_one_bg_color__hover_enabled=\u00a0\u00bboff\u00a0\u00bb button_two_bg_color__hover_enabled=\u00a0\u00bboff\u00a0\u00bb][\/et_pb_contact_field][et_pb_contact_field field_id=\u00a0\u00bbMessage\u00a0\u00bb field_title=\u00a0\u00bbMessage\u00a0\u00bb field_type=\u00a0\u00bbtext\u00a0\u00bb fullwidth_field=\u00a0\u00bbon\u00a0\u00bb _builder_version=\u00a0\u00bb4.16&Prime; global_colors_info=\u00a0\u00bb{}\u00a0\u00bb button_text_size__hover_enabled=\u00a0\u00bboff\u00a0\u00bb button_one_text_size__hover_enabled=\u00a0\u00bboff\u00a0\u00bb button_two_text_size__hover_enabled=\u00a0\u00bboff\u00a0\u00bb button_text_color__hover_enabled=\u00a0\u00bboff\u00a0\u00bb button_one_text_color__hover_enabled=\u00a0\u00bboff\u00a0\u00bb button_two_text_color__hover_enabled=\u00a0\u00bboff\u00a0\u00bb button_border_width__hover_enabled=\u00a0\u00bboff\u00a0\u00bb button_one_border_width__hover_enabled=\u00a0\u00bboff\u00a0\u00bb button_two_border_width__hover_enabled=\u00a0\u00bboff\u00a0\u00bb button_border_color__hover_enabled=\u00a0\u00bboff\u00a0\u00bb button_one_border_color__hover_enabled=\u00a0\u00bboff\u00a0\u00bb button_two_border_color__hover_enabled=\u00a0\u00bboff\u00a0\u00bb button_border_radius__hover_enabled=\u00a0\u00bboff\u00a0\u00bb button_one_border_radius__hover_enabled=\u00a0\u00bboff\u00a0\u00bb button_two_border_radius__hover_enabled=\u00a0\u00bboff\u00a0\u00bb button_letter_spacing__hover_enabled=\u00a0\u00bboff\u00a0\u00bb button_one_letter_spacing__hover_enabled=\u00a0\u00bboff\u00a0\u00bb button_two_letter_spacing__hover_enabled=\u00a0\u00bboff\u00a0\u00bb button_bg_color__hover_enabled=\u00a0\u00bboff\u00a0\u00bb button_one_bg_color__hover_enabled=\u00a0\u00bboff\u00a0\u00bb button_two_bg_color__hover_enabled=\u00a0\u00bboff\u00a0\u00bb][\/et_pb_contact_field][\/et_pb_contact_form][\/et_pb_column][\/et_pb_row][\/et_pb_section]<\/p>","protected":false},"excerpt":{"rendered":"<p>Un livre et un festival en 2027 pour raconter les histoires de la photographie fribourgeoise.Le projet Photo-Fribourg Lanc\u00e9 en 2021 par l\u2019Association pour la sauvegarde du patrimoine photographique fribourgeois (ASPPF), le projet Photo-Fribourg a pour mission la pr\u00e9servation, la documentation et la transmission du patrimoine photographique fribourgeois. Ses activit\u00e9s comprennent la r\u00e9colte de photographies aupr\u00e8s [&hellip;]<\/p>","protected":false},"author":0,"featured_media":0,"parent":0,"menu_order":0,"comment_status":"closed","ping_status":"closed","template":"","meta":{"_et_pb_use_builder":"on","_et_pb_old_content":"","_et_gb_content_width":"","footnotes":""},"class_list":["post-38","page","type-page","status-publish","hentry"],"_links":{"self":[{"href":"https:\/\/photo-fribourg.ch\/de\/wp-json\/wp\/v2\/pages\/38","targetHints":{"allow":["GET"]}}],"collection":[{"href":"https:\/\/photo-fribourg.ch\/de\/wp-json\/wp\/v2\/pages"}],"about":[{"href":"https:\/\/photo-fribourg.ch\/de\/wp-json\/wp\/v2\/types\/page"}],"replies":[{"embeddable":true,"href":"https:\/\/photo-fribourg.ch\/de\/wp-json\/wp\/v2\/comments?post=38"}],"version-history":[{"count":169,"href":"https:\/\/photo-fribourg.ch\/de\/wp-json\/wp\/v2\/pages\/38\/revisions"}],"predecessor-version":[{"id":1120,"href":"https:\/\/photo-fribourg.ch\/de\/wp-json\/wp\/v2\/pages\/38\/revisions\/1120"}],"wp:attachment":[{"href":"https:\/\/photo-fribourg.ch\/de\/wp-json\/wp\/v2\/media?parent=38"}],"curies":[{"name":"wp","href":"https:\/\/api.w.org\/{rel}","templated":true}]}}