{"id":1149,"date":"2026-05-07T19:51:16","date_gmt":"2026-05-07T17:51:16","guid":{"rendered":"https:\/\/photo-fribourg.ch\/?page_id=1149"},"modified":"2026-05-07T19:55:14","modified_gmt":"2026-05-07T17:55:14","slug":"saef","status":"publish","type":"page","link":"https:\/\/photo-fribourg.ch\/de\/carte-des-expositions\/saef\/","title":{"rendered":"Von Schwarz und Wei\u00df zu Farbe. Die Freiburger Arch\u00e4ologie wird ausgestellt"},"content":{"rendered":"<p>[et_pb_section fb_built=\u00a0\u00bb1&Prime; _builder_version=\u00a0\u00bb4.27.4&Prime; _module_preset=\u00a0\u00bbdefault\u00a0\u00bb global_colors_info=\u00a0\u00bb{}\u00a0\u00bb][et_pb_row _builder_version=\u00a0\u00bb4.27.4&Prime; _module_preset=\u00a0\u00bbdefault\u00a0\u00bb global_colors_info=\u00a0\u00bb{}\u00a0\u00bb][et_pb_column type=\u00a0\u00bb4_4&Prime; _builder_version=\u00a0\u00bb4.27.4&Prime; _module_preset=\u00a0\u00bbdefault\u00a0\u00bb global_colors_info=\u00a0\u00bb{}\u00a0\u00bb][et_pb_text _builder_version=\u00a0\u00bb4.27.4&Prime; _module_preset=\u00a0\u00bbdefault\u00a0\u00bb text_font_size=\u00a0\u00bb44px\u00a0\u00bb hover_enabled=\u00a0\u00bb0&Prime; text_font_size_tablet=\u00a0\u00bb53px\u00a0\u00bb text_font_size_phone=\u00a0\u00bb18px\u00a0\u00bb text_font_size_last_edited=\u00a0\u00bbon|phone\u00a0\u00bb global_colors_info=\u00a0\u00bb{}\u00a0\u00bb text_line_height_last_edited=\u00a0\u00bbon|desktop\u00a0\u00bb text_line_height=\u00a0\u00bb1.8em\u00a0\u00bb sticky_enabled=\u00a0\u00bb0&Prime; text_line_height_tablet=\u00a0\u00bb1.8em\u00a0\u00bb text_line_height_phone=\u00a0\u00bb1.8em\u00a0\u00bb]<\/p>\n<p>Von Schwarz und Wei\u00df zu Farbe. Die Freiburger Arch\u00e4ologie wird ausgestellt<\/p>\n<p>[\/et_pb_text][et_pb_image src=\u00a0\u00bbhttps:\/\/photo-fribourg.ch\/wp-content\/uploads\/2026\/05\/SAEF_EXPO_photo_illustration_MUN-PLA_1979-scaled.jpg\u00a0\u00bb alt=\u00a0\u00bbFouille arch\u00e9ologique\u00a0\u00bb title_text=\u00a0\u00bbSAEF_EXPO_photo_illustration_MUN-PLA_1979&Prime; _builder_version=\u00a0\u00bb4.27.4&Prime; _module_preset=\u00a0\u00bbdefault\u00a0\u00bb hover_enabled=\u00a0\u00bb0&Prime; global_colors_info=\u00a0\u00bb{}\u00a0\u00bb sticky_enabled=\u00a0\u00bb0&Prime;][\/et_pb_image][et_pb_text _builder_version=\u00a0\u00bb4.27.4&Prime; _module_preset=\u00a0\u00bbdefault\u00a0\u00bb text_font_size=\u00a0\u00bb25px\u00a0\u00bb text_line_height=\u00a0\u00bb1.8em\u00a0\u00bb hover_enabled=\u00a0\u00bb0&Prime; text_font_size_tablet=\u00a0\u00bb25px\u00a0\u00bb text_font_size_phone=\u00a0\u00bb14px\u00a0\u00bb text_font_size_last_edited=\u00a0\u00bbon|desktop\u00a0\u00bb global_colors_info=\u00a0\u00bb{}\u00a0\u00bb sticky_enabled=\u00a0\u00bb0&Prime;]<\/p>\n<p>Die Ausstellung stellt mehr als ein Jahrhundert der Arch\u00e4ologie im Kanton Freiburg (Schweiz) dar, von den ersten, oft bahnbrechenden Erkundungen bis zur Strukturierung des heutigen Arch\u00e4ologischen Dienstes. Sie ist Teil einer umfassenderen Reflexion \u00fcber das kulturelle Erbe, verstanden nicht nur als eine Ansammlung materieller \u00dcberreste, sondern auch als ein lebendiges kollektives Ged\u00e4chtnis, das von den Generationen geformt, weitergegeben und neu interpretiert wird.<br \/>Durch den Reichtum und die Vielfalt der pr\u00e4sentierten Fotografien entdeckt der Besucher die konkreten Spuren der Ausgrabungen und Entdeckungen, die im gesamten Kantonsgebiet durchgef\u00fchrt wurden. Aber \u00fcber die St\u00e4tten und Objekte hinaus zeigen diese Bilder vor allem die Frauen und M\u00e4nner, die gestern wie heute Arch\u00e4ologie machen: Feldarchitekten, Spezialisten, Techniker, Restauratoren und Studenten. usw. Ihr Engagement, ihre Expertise und ihr Blick tragen dazu bei, dass Fragmente der Vergangenheit aus dem Boden auftauchen und ihnen wieder Sinn geben.<br \/>Die Ausstellung beleuchtet auch die Aufgaben, Werkzeuge, Herausforderungen und Entwicklungen einer sich st\u00e4ndig ver\u00e4ndernden Disziplin am Schnittpunkt wissenschaftlicher Forschung und Dienst an der Gemeinschaft. Denn die Freiburger Arch\u00e4ologie beschr\u00e4nkt sich nicht auf die Entdeckung: Sie beteiligt sich aktiv an der Erhaltung, Aufwertung und Weitergabe des kulturellen Erbes im Hinblick auf das Gemeinwohl. Sie erinnert daran, dass dieses Erbe nur existiert, weil es von denen anerkannt, erforscht und geteilt wird, die es t\u00e4glich leben lassen.<\/p>\n<p>[\/et_pb_text][et_pb_text _builder_version=\u00a0\u00bb4.27.4&Prime; _module_preset=\u00a0\u00bbdefault\u00a0\u00bb hover_enabled=\u00a0\u00bb0&Prime; global_colors_info=\u00a0\u00bb{}\u00a0\u00bb sticky_enabled=\u00a0\u00bb0&Prime;]<\/p>\n<p>Fotografie \u00a9 Service arch\u00e9ologique de l\u2019Etat de Fribourg<\/p>\n<p>[\/et_pb_text][\/et_pb_column][\/et_pb_row][\/et_pb_section]<\/p>","protected":false},"excerpt":{"rendered":"<p>Du noir et blanc \u00e0 la couleur. L&rsquo;arch\u00e9ologie fribourgeoise s\u2019exposeL\u2019exposition met \u00e0 l\u2019honneur plus d\u2019un si\u00e8cle d\u2019arch\u00e9ologie dans le canton de Fribourg (Suisse), depuis les premi\u00e8res explorations, souvent pionni\u00e8res, jusqu\u2019\u00e0 la structuration du Service arch\u00e9ologique tel qu\u2019il existe aujourd\u2019hui. Elle s\u2019inscrit dans une r\u00e9flexion plus large sur le patrimoine culturel, entendu non seulement comme un [&hellip;]<\/p>","protected":false},"author":1,"featured_media":0,"parent":981,"menu_order":0,"comment_status":"closed","ping_status":"closed","template":"","meta":{"_et_pb_use_builder":"on","_et_pb_old_content":"","_et_gb_content_width":"","footnotes":""},"class_list":["post-1149","page","type-page","status-publish","hentry"],"_links":{"self":[{"href":"https:\/\/photo-fribourg.ch\/de\/wp-json\/wp\/v2\/pages\/1149","targetHints":{"allow":["GET"]}}],"collection":[{"href":"https:\/\/photo-fribourg.ch\/de\/wp-json\/wp\/v2\/pages"}],"about":[{"href":"https:\/\/photo-fribourg.ch\/de\/wp-json\/wp\/v2\/types\/page"}],"author":[{"embeddable":true,"href":"https:\/\/photo-fribourg.ch\/de\/wp-json\/wp\/v2\/users\/1"}],"replies":[{"embeddable":true,"href":"https:\/\/photo-fribourg.ch\/de\/wp-json\/wp\/v2\/comments?post=1149"}],"version-history":[{"count":2,"href":"https:\/\/photo-fribourg.ch\/de\/wp-json\/wp\/v2\/pages\/1149\/revisions"}],"predecessor-version":[{"id":1153,"href":"https:\/\/photo-fribourg.ch\/de\/wp-json\/wp\/v2\/pages\/1149\/revisions\/1153"}],"up":[{"embeddable":true,"href":"https:\/\/photo-fribourg.ch\/de\/wp-json\/wp\/v2\/pages\/981"}],"wp:attachment":[{"href":"https:\/\/photo-fribourg.ch\/de\/wp-json\/wp\/v2\/media?parent=1149"}],"curies":[{"name":"wp","href":"https:\/\/api.w.org\/{rel}","templated":true}]}}