{"id":1140,"date":"2026-05-07T19:39:00","date_gmt":"2026-05-07T17:39:00","guid":{"rendered":"https:\/\/photo-fribourg.ch\/?page_id=1140"},"modified":"2026-05-07T19:48:47","modified_gmt":"2026-05-07T17:48:47","slug":"musee-charmey","status":"publish","type":"page","link":"https:\/\/photo-fribourg.ch\/de\/carte-des-expositions\/musee-charmey\/","title":{"rendered":"Fauna und Naturfragmente"},"content":{"rendered":"<p>[et_pb_section fb_built=\u00a0\u00bb1&Prime; _builder_version=\u00a0\u00bb4.27.4&Prime; _module_preset=\u00a0\u00bbdefault\u00a0\u00bb global_colors_info=\u00a0\u00bb{}\u00a0\u00bb][et_pb_row _builder_version=\u00a0\u00bb4.27.4&Prime; _module_preset=\u00a0\u00bbdefault\u00a0\u00bb global_colors_info=\u00a0\u00bb{}\u00a0\u00bb][et_pb_column type=\u00a0\u00bb4_4&Prime; _builder_version=\u00a0\u00bb4.27.4&Prime; _module_preset=\u00a0\u00bbdefault\u00a0\u00bb global_colors_info=\u00a0\u00bb{}\u00a0\u00bb][et_pb_text _builder_version=\u00a0\u00bb4.27.4&Prime; _module_preset=\u00a0\u00bbdefault\u00a0\u00bb text_font_size=\u00a0\u00bb53px\u00a0\u00bb text_font_size_tablet=\u00a0\u00bb53px\u00a0\u00bb text_font_size_phone=\u00a0\u00bb18px\u00a0\u00bb text_font_size_last_edited=\u00a0\u00bbon|phone\u00a0\u00bb global_colors_info=\u00a0\u00bb{}\u00a0\u00bb]<\/p>\n<div>\n<div data-ik-opengraph-ignore=\"\" class=\"ik_mail_quote-6153eJzz9HPyjwAABGYBgQ answerContentMessage\">\n<div class=\"\">\n<div>\n<div>Fauna und Naturfragmente<\/div>\n<\/div>\n<\/div>\n<\/div>\n<\/div>\n<p>[\/et_pb_text][et_pb_image src=\u00a0\u00bbhttps:\/\/photo-fribourg.ch\/wp-content\/uploads\/2026\/05\/Choucas_ElviraMaeder.jpg\u00a0\u00bb alt=\u00a0\u00bbVol d&rsquo;oiseaux\u00a0\u00bb title_text=\u00a0\u00bbChoucas_ElviraMaeder\u00a0\u00bb _builder_version=\u00a0\u00bb4.27.4&Prime; _module_preset=\u00a0\u00bbdefault\u00a0\u00bb global_colors_info=\u00a0\u00bb{}\u00a0\u00bb][\/et_pb_image][et_pb_text _builder_version=\u00a0\u00bb4.27.4&Prime; _module_preset=\u00a0\u00bbdefault\u00a0\u00bb text_font_size=\u00a0\u00bb25px\u00a0\u00bb text_line_height=\u00a0\u00bb1.8em\u00a0\u00bb hover_enabled=\u00a0\u00bb0&Prime; text_font_size_tablet=\u00a0\u00bb25px\u00a0\u00bb text_font_size_phone=\u00a0\u00bb14px\u00a0\u00bb text_font_size_last_edited=\u00a0\u00bbon|desktop\u00a0\u00bb global_colors_info=\u00a0\u00bb{}\u00a0\u00bb sticky_enabled=\u00a0\u00bb0&Prime;]<\/p>\n<div>\n<div data-ik-opengraph-ignore=\"\" class=\"ik_mail_quote-6153eJzz9HPyjwAABGYBgQ answerContentMessage\">\n<div class=\"\">\n<div>\n<div>\n<div>Die Ausstellung widmet sich dem Tierleben in der Gruy\u00e8re, insbesondere im Jogne-Tal. Sie vereint vier freiburgische Fotografen - Maud Chablais, Aldo Ellena, Etienne Francey und Elvira Maeder - und l\u00e4dt dazu ein, die Tierwelt der Region aus einer k\u00fcnstlerischen, poetischen und dokumentarischen Perspektive zu entdecken, an der Schnittstelle von Kunst, Natur und Territorium.<\/div>\n<div><\/div>\n<\/div>\n<\/div>\n<\/div>\n<\/div>\n<\/div>\n<p>[\/et_pb_text][et_pb_text _builder_version=\u00a0\u00bb4.27.4&Prime; _module_preset=\u00a0\u00bbdefault\u00a0\u00bb global_colors_info=\u00a0\u00bb{}\u00a0\u00bb]<\/p>\n<p>Fotografie \u00a9 Elvira Maeder<\/p>\n<p>[\/et_pb_text][\/et_pb_column][\/et_pb_row][\/et_pb_section]<\/p>","protected":false},"excerpt":{"rendered":"<p>Faune et fragments de nature L\u2019exposition est consacr\u00e9e \u00e0 la vie animali\u00e8re en Gruy\u00e8re, et plus particuli\u00e8rement dans la vall\u00e9e de la Jogne. R\u00e9unissant quatre photographes fribourgeois\u00a0\u2013 Maud Chablais, Aldo Ellena, Etienne Francey et Elvira Maeder \u2013 elle invite \u00e0 d\u00e9couvrir la vie sauvage de la r\u00e9gion sous un angle \u00e0 la fois artistique, po\u00e9tique [&hellip;]<\/p>","protected":false},"author":1,"featured_media":0,"parent":981,"menu_order":0,"comment_status":"closed","ping_status":"closed","template":"","meta":{"_et_pb_use_builder":"on","_et_pb_old_content":"","_et_gb_content_width":"","footnotes":""},"class_list":["post-1140","page","type-page","status-publish","hentry"],"_links":{"self":[{"href":"https:\/\/photo-fribourg.ch\/de\/wp-json\/wp\/v2\/pages\/1140","targetHints":{"allow":["GET"]}}],"collection":[{"href":"https:\/\/photo-fribourg.ch\/de\/wp-json\/wp\/v2\/pages"}],"about":[{"href":"https:\/\/photo-fribourg.ch\/de\/wp-json\/wp\/v2\/types\/page"}],"author":[{"embeddable":true,"href":"https:\/\/photo-fribourg.ch\/de\/wp-json\/wp\/v2\/users\/1"}],"replies":[{"embeddable":true,"href":"https:\/\/photo-fribourg.ch\/de\/wp-json\/wp\/v2\/comments?post=1140"}],"version-history":[{"count":3,"href":"https:\/\/photo-fribourg.ch\/de\/wp-json\/wp\/v2\/pages\/1140\/revisions"}],"predecessor-version":[{"id":1147,"href":"https:\/\/photo-fribourg.ch\/de\/wp-json\/wp\/v2\/pages\/1140\/revisions\/1147"}],"up":[{"embeddable":true,"href":"https:\/\/photo-fribourg.ch\/de\/wp-json\/wp\/v2\/pages\/981"}],"wp:attachment":[{"href":"https:\/\/photo-fribourg.ch\/de\/wp-json\/wp\/v2\/media?parent=1140"}],"curies":[{"name":"wp","href":"https:\/\/api.w.org\/{rel}","templated":true}]}}