{"id":1131,"date":"2026-05-07T19:32:31","date_gmt":"2026-05-07T17:32:31","guid":{"rendered":"https:\/\/photo-fribourg.ch\/?page_id=1131"},"modified":"2026-05-07T19:49:21","modified_gmt":"2026-05-07T17:49:21","slug":"musee-gruerien","status":"publish","type":"page","link":"https:\/\/photo-fribourg.ch\/de\/carte-des-expositions\/musee-gruerien\/","title":{"rendered":"Der Kalender der Bergsaison"},"content":{"rendered":"<p>[et_pb_section fb_built=\u00a0\u00bb1&Prime; _builder_version=\u00a0\u00bb4.27.4&Prime; _module_preset=\u00a0\u00bbdefault\u00a0\u00bb global_colors_info=\u00a0\u00bb{}\u00a0\u00bb][et_pb_row _builder_version=\u00a0\u00bb4.27.4&Prime; _module_preset=\u00a0\u00bbdefault\u00a0\u00bb global_colors_info=\u00a0\u00bb{}\u00a0\u00bb][et_pb_column type=\u00a0\u00bb4_4&Prime; _builder_version=\u00a0\u00bb4.27.4&Prime; _module_preset=\u00a0\u00bbdefault\u00a0\u00bb global_colors_info=\u00a0\u00bb{}\u00a0\u00bb][et_pb_text _builder_version=\u00a0\u00bb4.27.4&Prime; _module_preset=\u00a0\u00bbdefault\u00a0\u00bb text_font_size=\u00a0\u00bb53px\u00a0\u00bb text_font_size_tablet=\u00a0\u00bb53px\u00a0\u00bb text_font_size_phone=\u00a0\u00bb18px\u00a0\u00bb text_font_size_last_edited=\u00a0\u00bbon|phone\u00a0\u00bb global_colors_info=\u00a0\u00bb{}\u00a0\u00bb]<\/p>\n<p>Der Kalender der Bergsaison<\/p>\n<p>[\/et_pb_text][et_pb_image src=\u00a0\u00bbhttps:\/\/photo-fribourg.ch\/wp-content\/uploads\/2026\/05\/Calendrier-saison-alpage-ID-3074877.jpg\u00a0\u00bb alt=\u00a0\u00bbTravaux \u00e0 l&rsquo;alpage\u00a0\u00bb title_text=\u00a0\u00bbCalendrier saison alpage (ID 3074877)\u00a0\u00bb _builder_version=\u00a0\u00bb4.27.4&Prime; _module_preset=\u00a0\u00bbdefault\u00a0\u00bb global_colors_info=\u00a0\u00bb{}\u00a0\u00bb][\/et_pb_image][et_pb_text _builder_version=\u00a0\u00bb4.27.4&Prime; _module_preset=\u00a0\u00bbdefault\u00a0\u00bb text_font_size=\u00a0\u00bb25px\u00a0\u00bb text_line_height=\u00a0\u00bb1.8em\u00a0\u00bb hover_enabled=\u00a0\u00bb0&Prime; text_font_size_tablet=\u00a0\u00bb25px\u00a0\u00bb text_font_size_phone=\u00a0\u00bb14px\u00a0\u00bb text_font_size_last_edited=\u00a0\u00bbon|desktop\u00a0\u00bb global_colors_info=\u00a0\u00bb{}\u00a0\u00bb sticky_enabled=\u00a0\u00bb0&Prime;]<\/p>\n<p>Die Almsaison in der Schweiz steht seit dem 5. Dezember 2023 auf der Repr\u00e4sentativen Liste des immateriellen Kulturerbes der Menschheit der UNESCO. Die Ausstellung \"Der Kalender der Alpsaison\" erstellt ein lebendiges und dokumentiertes Inventar der Aktivit\u00e4ten der Traditionstr\u00e4ger im Laufe des Jahres. Durch zeitgen\u00f6ssische Fotografie und die Sammlung von Zeugnissen (Podcast) erf\u00fcllt sie das Bed\u00fcrfnis nach \u00dcbertragung und Austausch in einer sich schnell ver\u00e4ndernden Region zwischen Stadt und Land.\nDie 24 im urbanen Raum ausgestellten Bilder hinterfragen die Alltagsr\u00e4ume der Almsaison und enth\u00fcllen neue Aspekte. Der ausgew\u00e4hlte K\u00fcnstler bietet seinen eigenen Blick auf die Tradition an und erm\u00f6glicht es verschiedenen Zielgruppen, sie aus einer neuen und zeitgen\u00f6ssischen Perspektive zu betrachten.<\/p>\n<p>Les 24 images expos\u00e9es dans l&rsquo;espace urbain interrogent les lieux communs de la saison d\u2019alpage et en r\u00e9v\u00e8le de nouveaux aspects. L\u2019artiste s\u00e9lectionn\u00e9 propose son propre regard sur la tradition, permettant \u00e0 diff\u00e9rents publics d\u2019y acc\u00e9der par un angle in\u00e9dit et contemporain.<\/p>\n<p>[\/et_pb_text][et_pb_text _builder_version=\u00a0\u00bb4.27.4&Prime; _module_preset=\u00a0\u00bbdefault\u00a0\u00bb global_colors_info=\u00a0\u00bb{}\u00a0\u00bb]<\/p>\n<p>Fotografie \u00a9 M\u00e9lanie Rouiller<\/p>\n<p>[\/et_pb_text][\/et_pb_column][\/et_pb_row][\/et_pb_section]<\/p>","protected":false},"excerpt":{"rendered":"<p>Le calendrier de la saison d\u2019alpageLa saison d&rsquo;alpage en Suisse\u00a0est inscrite sur la Liste repr\u00e9sentative du patrimoine culturel immat\u00e9riel de l&rsquo;humanit\u00e9 de l&rsquo;UNESCO depuis le 5 d\u00e9cembre 2023. L\u2019exposition \u00abLe calendrier de la Saison d\u2019alpage\u00bb dresse un inventaire vivant et document\u00e9 des activit\u00e9s des porteurs de tradition tout au long de l\u2019ann\u00e9e. Au travers de [&hellip;]<\/p>","protected":false},"author":1,"featured_media":0,"parent":981,"menu_order":0,"comment_status":"closed","ping_status":"closed","template":"","meta":{"_et_pb_use_builder":"on","_et_pb_old_content":"","_et_gb_content_width":"","footnotes":""},"class_list":["post-1131","page","type-page","status-publish","hentry"],"_links":{"self":[{"href":"https:\/\/photo-fribourg.ch\/de\/wp-json\/wp\/v2\/pages\/1131","targetHints":{"allow":["GET"]}}],"collection":[{"href":"https:\/\/photo-fribourg.ch\/de\/wp-json\/wp\/v2\/pages"}],"about":[{"href":"https:\/\/photo-fribourg.ch\/de\/wp-json\/wp\/v2\/types\/page"}],"author":[{"embeddable":true,"href":"https:\/\/photo-fribourg.ch\/de\/wp-json\/wp\/v2\/users\/1"}],"replies":[{"embeddable":true,"href":"https:\/\/photo-fribourg.ch\/de\/wp-json\/wp\/v2\/comments?post=1131"}],"version-history":[{"count":5,"href":"https:\/\/photo-fribourg.ch\/de\/wp-json\/wp\/v2\/pages\/1131\/revisions"}],"predecessor-version":[{"id":1148,"href":"https:\/\/photo-fribourg.ch\/de\/wp-json\/wp\/v2\/pages\/1131\/revisions\/1148"}],"up":[{"embeddable":true,"href":"https:\/\/photo-fribourg.ch\/de\/wp-json\/wp\/v2\/pages\/981"}],"wp:attachment":[{"href":"https:\/\/photo-fribourg.ch\/de\/wp-json\/wp\/v2\/media?parent=1131"}],"curies":[{"name":"wp","href":"https:\/\/api.w.org\/{rel}","templated":true}]}}